{"id":107,"date":"2020-05-29T10:10:14","date_gmt":"2020-05-29T10:10:14","guid":{"rendered":"https:\/\/jupiterx.artbees.net\/business-2\/?page_id=107"},"modified":"2024-06-22T13:40:28","modified_gmt":"2024-06-22T10:40:28","slug":"about","status":"publish","type":"page","link":"https:\/\/ugurmalimusavirlik.com\/de\/about\/","title":{"rendered":"\u00fcber uns"},"content":{"rendered":"<div data-elementor-type=\"wp-page\" data-elementor-id=\"107\" class=\"elementor elementor-107\" data-elementor-post-type=\"page\">\n\t\t\t\t\t\t\t\t\t<section class=\"elementor-section elementor-top-section elementor-element elementor-element-77cd72c elementor-section-boxed elementor-section-height-default elementor-section-height-default\" data-id=\"77cd72c\" data-element_type=\"section\" data-settings=\"{&quot;jet_parallax_layout_list&quot;:[{&quot;jet_parallax_layout_image&quot;:{&quot;url&quot;:&quot;&quot;,&quot;id&quot;:&quot;&quot;,&quot;size&quot;:&quot;&quot;},&quot;_id&quot;:&quot;e37ee88&quot;,&quot;jet_parallax_layout_image_tablet&quot;:{&quot;url&quot;:&quot;&quot;,&quot;id&quot;:&quot;&quot;,&quot;size&quot;:&quot;&quot;},&quot;jet_parallax_layout_image_mobile&quot;:{&quot;url&quot;:&quot;&quot;,&quot;id&quot;:&quot;&quot;,&quot;size&quot;:&quot;&quot;},&quot;jet_parallax_layout_speed&quot;:{&quot;unit&quot;:&quot;%&quot;,&quot;size&quot;:50,&quot;sizes&quot;:[]},&quot;jet_parallax_layout_type&quot;:&quot;scroll&quot;,&quot;jet_parallax_layout_direction&quot;:null,&quot;jet_parallax_layout_fx_direction&quot;:null,&quot;jet_parallax_layout_z_index&quot;:&quot;&quot;,&quot;jet_parallax_layout_bg_x&quot;:50,&quot;jet_parallax_layout_bg_x_tablet&quot;:&quot;&quot;,&quot;jet_parallax_layout_bg_x_mobile&quot;:&quot;&quot;,&quot;jet_parallax_layout_bg_y&quot;:50,&quot;jet_parallax_layout_bg_y_tablet&quot;:&quot;&quot;,&quot;jet_parallax_layout_bg_y_mobile&quot;:&quot;&quot;,&quot;jet_parallax_layout_bg_size&quot;:&quot;auto&quot;,&quot;jet_parallax_layout_bg_size_tablet&quot;:&quot;&quot;,&quot;jet_parallax_layout_bg_size_mobile&quot;:&quot;&quot;,&quot;jet_parallax_layout_animation_prop&quot;:&quot;transform&quot;,&quot;jet_parallax_layout_on&quot;:[&quot;desktop&quot;,&quot;tablet&quot;]}],&quot;background_background&quot;:&quot;classic&quot;}\">\n\t\t\t\t\t\t\t<div class=\"elementor-background-overlay\"><\/div>\n\t\t\t\t\t\t\t<div class=\"elementor-container elementor-column-gap-no\">\n\t\t\t\t\t<div class=\"elementor-column elementor-col-100 elementor-top-column elementor-element elementor-element-0a4ea13\" data-id=\"0a4ea13\" data-element_type=\"column\">\n\t\t\t<div class=\"elementor-widget-wrap elementor-element-populated\">\n\t\t\t\t\t\t\t\t<div class=\"elementor-element elementor-element-ce88909 elementor-widget elementor-widget-heading\" data-id=\"ce88909\" data-element_type=\"widget\" data-widget_type=\"heading.default\">\n\t\t\t\t<div class=\"elementor-widget-container\">\n\t\t\t<style>\/*! elementor - v3.18.0 - 04-12-2023 *\/\n.elementor-heading-title{padding:0;margin:0;line-height:1}.elementor-widget-heading .elementor-heading-title[class*=elementor-size-]>a{color:inherit;font-size:inherit;line-height:inherit}.elementor-widget-heading .elementor-heading-title.elementor-size-small{font-size:15px}.elementor-widget-heading .elementor-heading-title.elementor-size-medium{font-size:19px}.elementor-widget-heading .elementor-heading-title.elementor-size-large{font-size:29px}.elementor-widget-heading .elementor-heading-title.elementor-size-xl{font-size:39px}.elementor-widget-heading .elementor-heading-title.elementor-size-xxl{font-size:59px}<\/style><h1 class=\"elementor-heading-title elementor-size-default\">\u00fcber uns<\/h1>\t\t<\/div>\n\t\t\t\t<\/div>\n\t\t\t\t\t<\/div>\n\t\t<\/div>\n\t\t\t\t\t\t\t<\/div>\n\t\t<\/section>\n\t\t\t\t<section class=\"elementor-section elementor-top-section elementor-element elementor-element-ffdae1e elementor-section-boxed elementor-section-height-default elementor-section-height-default\" data-id=\"ffdae1e\" data-element_type=\"section\" data-settings=\"{&quot;jet_parallax_layout_list&quot;:[{&quot;jet_parallax_layout_image&quot;:{&quot;url&quot;:&quot;&quot;,&quot;id&quot;:&quot;&quot;,&quot;size&quot;:&quot;&quot;},&quot;_id&quot;:&quot;a0f7db2&quot;,&quot;jet_parallax_layout_image_tablet&quot;:{&quot;url&quot;:&quot;&quot;,&quot;id&quot;:&quot;&quot;,&quot;size&quot;:&quot;&quot;},&quot;jet_parallax_layout_image_mobile&quot;:{&quot;url&quot;:&quot;&quot;,&quot;id&quot;:&quot;&quot;,&quot;size&quot;:&quot;&quot;},&quot;jet_parallax_layout_speed&quot;:{&quot;unit&quot;:&quot;%&quot;,&quot;size&quot;:50,&quot;sizes&quot;:[]},&quot;jet_parallax_layout_type&quot;:&quot;scroll&quot;,&quot;jet_parallax_layout_direction&quot;:null,&quot;jet_parallax_layout_fx_direction&quot;:null,&quot;jet_parallax_layout_z_index&quot;:&quot;&quot;,&quot;jet_parallax_layout_bg_x&quot;:50,&quot;jet_parallax_layout_bg_x_tablet&quot;:&quot;&quot;,&quot;jet_parallax_layout_bg_x_mobile&quot;:&quot;&quot;,&quot;jet_parallax_layout_bg_y&quot;:50,&quot;jet_parallax_layout_bg_y_tablet&quot;:&quot;&quot;,&quot;jet_parallax_layout_bg_y_mobile&quot;:&quot;&quot;,&quot;jet_parallax_layout_bg_size&quot;:&quot;auto&quot;,&quot;jet_parallax_layout_bg_size_tablet&quot;:&quot;&quot;,&quot;jet_parallax_layout_bg_size_mobile&quot;:&quot;&quot;,&quot;jet_parallax_layout_animation_prop&quot;:&quot;transform&quot;,&quot;jet_parallax_layout_on&quot;:[&quot;desktop&quot;,&quot;tablet&quot;]}]}\">\n\t\t\t\t\t\t<div class=\"elementor-container elementor-column-gap-no\">\n\t\t\t\t\t<div class=\"elementor-column elementor-col-50 elementor-top-column elementor-element elementor-element-b07681d\" data-id=\"b07681d\" data-element_type=\"column\">\n\t\t\t<div class=\"elementor-widget-wrap elementor-element-populated\">\n\t\t\t\t\t\t\t\t<div class=\"elementor-element elementor-element-531700d elementor-widget elementor-widget-heading\" data-id=\"531700d\" data-element_type=\"widget\" data-widget_type=\"heading.default\">\n\t\t\t\t<div class=\"elementor-widget-container\">\n\t\t\t<h2 class=\"elementor-heading-title elementor-size-default\">\u00fcber uns<\/h2>\t\t<\/div>\n\t\t\t\t<\/div>\n\t\t\t\t<div class=\"elementor-element elementor-element-c44c2e3 elementor-widget elementor-widget-text-editor\" data-id=\"c44c2e3\" data-element_type=\"widget\" data-widget_type=\"text-editor.default\">\n\t\t\t\t<div class=\"elementor-widget-container\">\n\t\t\t<style>\/*! elementor - v3.18.0 - 04-12-2023 *\/\n.elementor-widget-text-editor.elementor-drop-cap-view-stacked .elementor-drop-cap{background-color:#69727d;color:#fff}.elementor-widget-text-editor.elementor-drop-cap-view-framed .elementor-drop-cap{color:#69727d;border:3px solid;background-color:transparent}.elementor-widget-text-editor:not(.elementor-drop-cap-view-default) .elementor-drop-cap{margin-top:8px}.elementor-widget-text-editor:not(.elementor-drop-cap-view-default) .elementor-drop-cap-letter{width:1em;height:1em}.elementor-widget-text-editor .elementor-drop-cap{float:left;text-align:center;line-height:1;font-size:50px}.elementor-widget-text-editor .elementor-drop-cap-letter{display:inline-block}<\/style>\t\t\t\t<p>Als Ya\u015far U\u011fur Mali M\u00fc\u015favirlik bieten wir seit Mai 1993 unabh\u00e4ngige Buchhaltungs- und Finanzberatungsdienste in Alanya an. Unser Unternehmen hilft Privatpersonen und Unternehmen, ihre finanziellen Ziele zu erreichen, indem es eine breite Palette professioneller L\u00f6sungen in den Bereichen Finanzmanagement, Steuerberatung und Finanzberatung anbietet. Mit unserer langj\u00e4hrigen Erfahrung und unserem Wissen stellen wir unseren Kunden stets die aktuellsten und genauesten Informationen zur Verf\u00fcgung, damit sie ihre Finanzprozesse sicher verwalten k\u00f6nnen. Unser Expertenteam h\u00e4lt sich genau an die lokale und nationale Gesetzgebung und stellt sicher, dass unsere Kunden in voller \u00dcbereinstimmung mit den gesetzlichen Anforderungen arbeiten.<\/p><p>Zu den Grundprinzipien unseres Unternehmens geh\u00f6ren Vertrauen, Ehrlichkeit und Kundenzufriedenheit. Unser Ziel ist es, mit jedem unserer Kunden langfristige und vertrauensvolle Beziehungen aufzubauen, indem wir ma\u00dfgeschneiderte L\u00f6sungen f\u00fcr seine individuellen Bed\u00fcrfnisse anbieten. Als Ya\u015far U\u011fur Mali M\u00fc\u015favirlik verbessern wir st\u00e4ndig unsere Servicequalit\u00e4t und entwickeln innovative L\u00f6sungen, um die Kundenzufriedenheit auf h\u00f6chstem Niveau zu halten.<\/p>\t\t\t\t\t\t<\/div>\n\t\t\t\t<\/div>\n\t\t\t\t\t<\/div>\n\t\t<\/div>\n\t\t\t\t<div class=\"elementor-column elementor-col-50 elementor-top-column elementor-element elementor-element-4ebdd26\" data-id=\"4ebdd26\" data-element_type=\"column\">\n\t\t\t<div class=\"elementor-widget-wrap elementor-element-populated\">\n\t\t\t\t\t\t\t\t<div class=\"elementor-element elementor-element-42aff62 elementor-widget elementor-widget-image\" data-id=\"42aff62\" data-element_type=\"widget\" data-widget_type=\"image.default\">\n\t\t\t\t<div class=\"elementor-widget-container\">\n\t\t\t<style>\/*! elementor - v3.18.0 - 04-12-2023 *\/\n.elementor-widget-image{text-align:center}.elementor-widget-image a{display:inline-block}.elementor-widget-image a img[src$=\".svg\"]{width:48px}.elementor-widget-image img{vertical-align:middle;display:inline-block}<\/style>\t\t\t\t\t\t\t\t\t\t\t\t<img fetchpriority=\"high\" decoding=\"async\" width=\"1024\" height=\"392\" src=\"https:\/\/ugurmalimusavirlik.com\/wp-content\/uploads\/2020\/05\/Yasar-Ugur-Mali-Musavir-Logo-1024x392.png\" class=\"attachment-large size-large wp-image-432\" alt=\"\" srcset=\"https:\/\/ugurmalimusavirlik.com\/wp-content\/uploads\/2020\/05\/Yasar-Ugur-Mali-Musavir-Logo-1024x392.png 1024w, https:\/\/ugurmalimusavirlik.com\/wp-content\/uploads\/2020\/05\/Yasar-Ugur-Mali-Musavir-Logo-300x115.png 300w, https:\/\/ugurmalimusavirlik.com\/wp-content\/uploads\/2020\/05\/Yasar-Ugur-Mali-Musavir-Logo-768x294.png 768w, https:\/\/ugurmalimusavirlik.com\/wp-content\/uploads\/2020\/05\/Yasar-Ugur-Mali-Musavir-Logo-1536x588.png 1536w, https:\/\/ugurmalimusavirlik.com\/wp-content\/uploads\/2020\/05\/Yasar-Ugur-Mali-Musavir-Logo-18x7.png 18w, https:\/\/ugurmalimusavirlik.com\/wp-content\/uploads\/2020\/05\/Yasar-Ugur-Mali-Musavir-Logo.png 1788w\" sizes=\"(max-width: 1024px) 100vw, 1024px\" \/>\t\t\t\t\t\t\t\t\t\t\t\t\t\t\t<\/div>\n\t\t\t\t<\/div>\n\t\t\t\t\t<\/div>\n\t\t<\/div>\n\t\t\t\t\t\t\t<\/div>\n\t\t<\/section>\n\t\t\t\t<section class=\"elementor-section elementor-top-section elementor-element elementor-element-e1005c7 elementor-section-boxed elementor-section-height-default elementor-section-height-default\" data-id=\"e1005c7\" data-element_type=\"section\" data-settings=\"{&quot;jet_parallax_layout_list&quot;:[{&quot;jet_parallax_layout_image&quot;:{&quot;url&quot;:&quot;&quot;,&quot;id&quot;:&quot;&quot;,&quot;size&quot;:&quot;&quot;},&quot;_id&quot;:&quot;a0f7db2&quot;,&quot;jet_parallax_layout_image_tablet&quot;:{&quot;url&quot;:&quot;&quot;,&quot;id&quot;:&quot;&quot;,&quot;size&quot;:&quot;&quot;},&quot;jet_parallax_layout_image_mobile&quot;:{&quot;url&quot;:&quot;&quot;,&quot;id&quot;:&quot;&quot;,&quot;size&quot;:&quot;&quot;},&quot;jet_parallax_layout_speed&quot;:{&quot;unit&quot;:&quot;%&quot;,&quot;size&quot;:50,&quot;sizes&quot;:[]},&quot;jet_parallax_layout_type&quot;:&quot;scroll&quot;,&quot;jet_parallax_layout_direction&quot;:null,&quot;jet_parallax_layout_fx_direction&quot;:null,&quot;jet_parallax_layout_z_index&quot;:&quot;&quot;,&quot;jet_parallax_layout_bg_x&quot;:50,&quot;jet_parallax_layout_bg_x_tablet&quot;:&quot;&quot;,&quot;jet_parallax_layout_bg_x_mobile&quot;:&quot;&quot;,&quot;jet_parallax_layout_bg_y&quot;:50,&quot;jet_parallax_layout_bg_y_tablet&quot;:&quot;&quot;,&quot;jet_parallax_layout_bg_y_mobile&quot;:&quot;&quot;,&quot;jet_parallax_layout_bg_size&quot;:&quot;auto&quot;,&quot;jet_parallax_layout_bg_size_tablet&quot;:&quot;&quot;,&quot;jet_parallax_layout_bg_size_mobile&quot;:&quot;&quot;,&quot;jet_parallax_layout_animation_prop&quot;:&quot;transform&quot;,&quot;jet_parallax_layout_on&quot;:[&quot;desktop&quot;,&quot;tablet&quot;]}]}\">\n\t\t\t\t\t\t<div class=\"elementor-container elementor-column-gap-no\">\n\t\t\t\t\t<div class=\"elementor-column elementor-col-50 elementor-top-column elementor-element elementor-element-bcc57c8\" data-id=\"bcc57c8\" data-element_type=\"column\">\n\t\t\t<div class=\"elementor-widget-wrap elementor-element-populated\">\n\t\t\t\t\t\t\t\t<div class=\"elementor-element elementor-element-4447503 elementor-widget elementor-widget-heading\" data-id=\"4447503\" data-element_type=\"widget\" data-widget_type=\"heading.default\">\n\t\t\t\t<div class=\"elementor-widget-container\">\n\t\t\t<h2 class=\"elementor-heading-title elementor-size-default\">Mission<\/h2>\t\t<\/div>\n\t\t\t\t<\/div>\n\t\t\t\t<div class=\"elementor-element elementor-element-67db193 elementor-widget elementor-widget-text-editor\" data-id=\"67db193\" data-element_type=\"widget\" data-widget_type=\"text-editor.default\">\n\t\t\t\t<div class=\"elementor-widget-container\">\n\t\t\t\t\t\t\t<p>Als Ya\u015far U\u011fur Mali M\u00fc\u015favirlik ist es unsere Mission, umfassende, zuverl\u00e4ssige und innovative Finanzl\u00f6sungen anzubieten, um zum finanziellen Erfolg unserer Kunden beizutragen. Unser Ziel ist es, Einzelpersonen und Unternehmen dabei zu helfen, ihre Finanzverwaltungsprozesse zu optimieren, sicherzustellen, dass ihre Steuerverbindlichkeiten korrekt sind, ihrer tats\u00e4chlichen finanziellen Situation entsprechen und ihre finanziellen Ziele erreichen. Mit unserem professionellen und erfahrenen Team sind wir stets bestrebt, unseren Kunden erstklassigen Service zu bieten und ihre finanzielle Gesundheit zu sch\u00fctzen. Unser Ziel ist es, langfristige und starke Beziehungen zu unseren Kunden aufzubauen, indem wir im Einklang mit den Grunds\u00e4tzen Vertrauen, Ehrlichkeit und Kundenzufriedenheit handeln.<\/p><h3>\u00a0<\/h3>\t\t\t\t\t\t<\/div>\n\t\t\t\t<\/div>\n\t\t\t\t\t<\/div>\n\t\t<\/div>\n\t\t\t\t<div class=\"elementor-column elementor-col-50 elementor-top-column elementor-element elementor-element-73d235d\" data-id=\"73d235d\" data-element_type=\"column\">\n\t\t\t<div class=\"elementor-widget-wrap elementor-element-populated\">\n\t\t\t\t\t\t\t\t<div class=\"elementor-element elementor-element-9431d37 elementor-widget elementor-widget-heading\" data-id=\"9431d37\" data-element_type=\"widget\" data-widget_type=\"heading.default\">\n\t\t\t\t<div class=\"elementor-widget-container\">\n\t\t\t<h2 class=\"elementor-heading-title elementor-size-default\">Vision<\/h2>\t\t<\/div>\n\t\t\t\t<\/div>\n\t\t\t\t<div class=\"elementor-element elementor-element-ae1c169 elementor-widget elementor-widget-text-editor\" data-id=\"ae1c169\" data-element_type=\"widget\" data-widget_type=\"text-editor.default\">\n\t\t\t\t<div class=\"elementor-widget-container\">\n\t\t\t\t\t\t\t<p>Unsere Vision ist es, Ya\u015far U\u011fur Mali M\u00fc\u015favirlik zu einem der zuverl\u00e4ssigsten und angesehensten Finanzberatungs- und Beratungsunternehmen in der T\u00fcrkei zu machen. Als in Alanya und auf nationaler Ebene bekanntes Unternehmen streben wir danach, in der Branche f\u00fchrend zu sein und unseren Kunden die innovativsten und effektivsten Finanzl\u00f6sungen anzubieten. Unser Ziel ist es, unseren Kunden die aktuellsten und effektivsten Dienstleistungen zu bieten, indem wir uns st\u00e4ndig verbessern und Innovationen in der Finanztechnologie und sich \u00e4ndernde Gesetze genau verfolgen. Im Einklang mit unserer Vision m\u00f6chten wir ein vorbildliches Unternehmen in der Branche sein, indem wir die Zufriedenheit und das Vertrauen unserer Kunden auf h\u00f6chstem Niveau halten.<\/p><p>\u00a0<\/p>\t\t\t\t\t\t<\/div>\n\t\t\t\t<\/div>\n\t\t\t\t\t<\/div>\n\t\t<\/div>\n\t\t\t\t\t\t\t<\/div>\n\t\t<\/section>\n\t\t\t\t\t\t\t<\/div>","protected":false},"excerpt":{"rendered":"<p>\u00dcber uns: Als Ya\u015far U\u011fur Finanzberatung bieten wir seit Mai 1993 freiberufliche Buchhaltungs- und Finanzberatungsdienstleistungen in Alanya an. Unser Unternehmen bietet ein breites Spektrum an professionellen L\u00f6sungen in den Bereichen Finanzmanagement, Steuerberatung und Finanzberatung und unterst\u00fctzt Privatpersonen und Unternehmen bei der Erreichung ihrer finanziellen Ziele. Dank unserer langj\u00e4hrigen Erfahrung und Expertise bieten wir unseren Mandanten stets die aktuellsten und umfassendsten L\u00f6sungen.<\/p>","protected":false},"author":1,"featured_media":0,"parent":0,"menu_order":0,"comment_status":"closed","ping_status":"closed","template":"full-width.php","meta":{"_acf_changed":false,"footnotes":""},"class_list":["post-107","page","type-page","status-publish","hentry"],"acf":[],"yoast_head":"<!-- This site is optimized with the Yoast SEO plugin v22.8 - https:\/\/yoast.com\/wordpress\/plugins\/seo\/ -->\n<title>Hakk\u0131m\u0131zda<\/title>\n<meta name=\"robots\" content=\"index, follow, max-snippet:-1, max-image-preview:large, max-video-preview:-1\" \/>\n<link rel=\"canonical\" href=\"https:\/\/ugurmalimusavirlik.com\/de\/about\/\" \/>\n<meta property=\"og:locale\" content=\"de_DE\" \/>\n<meta property=\"og:type\" content=\"article\" \/>\n<meta property=\"og:title\" content=\"Hakk\u0131m\u0131zda\" \/>\n<meta property=\"og:description\" content=\"Hakk\u0131m\u0131zda Hakk\u0131m\u0131zda Ya\u015far U\u011fur Mali M\u00fc\u015favirlik olarak, May\u0131s 1993 y\u0131l\u0131ndan bu yana Alanya\u2019da serbest muhasebeci ve mali m\u00fc\u015favirlik hizmetleri sunmaktay\u0131z. Firmam\u0131z, mali y\u00f6netim, vergi dan\u0131\u015fmanl\u0131\u011f\u0131 ve finansal dan\u0131\u015fmanl\u0131k alanlar\u0131nda geni\u015f bir yelpazede profesyonel \u00e7\u00f6z\u00fcmler sunarak, bireylerin ve i\u015fletmelerin finansal hedeflerine ula\u015fmalar\u0131na yard\u0131mc\u0131 olmaktad\u0131r. Y\u0131llar\u0131n getirdi\u011fi deneyim ve bilgi birikimimizle, m\u00fc\u015fterilerimize her zaman en g\u00fcncel ve [&hellip;]\" \/>\n<meta property=\"og:url\" content=\"https:\/\/ugurmalimusavirlik.com\/de\/about\/\" \/>\n<meta property=\"og:site_name\" content=\"Ya\u015far U\u011fur Mali M\u00fc\u015favirlik\" \/>\n<meta property=\"article:modified_time\" content=\"2024-06-22T10:40:28+00:00\" \/>\n<meta property=\"og:image\" content=\"https:\/\/ugurmalimusavirlik.com\/wp-content\/uploads\/2020\/05\/Yasar-Ugur-Mali-Musavir-Logo-1024x392.png\" \/>\n<meta name=\"twitter:card\" content=\"summary_large_image\" \/>\n<meta name=\"twitter:label1\" content=\"Gesch\u00e4tzte Lesezeit\" \/>\n\t<meta name=\"twitter:data1\" content=\"2\u00a0Minuten\" \/>\n<script type=\"application\/ld+json\" class=\"yoast-schema-graph\">{\"@context\":\"https:\/\/schema.org\",\"@graph\":[{\"@type\":\"WebPage\",\"@id\":\"https:\/\/ugurmalimusavirlik.com\/about\/\",\"url\":\"https:\/\/ugurmalimusavirlik.com\/about\/\",\"name\":\"Hakk\u0131m\u0131zda\",\"isPartOf\":{\"@id\":\"https:\/\/ugurmalimusavirlik.com\/#website\"},\"primaryImageOfPage\":{\"@id\":\"https:\/\/ugurmalimusavirlik.com\/about\/#primaryimage\"},\"image\":{\"@id\":\"https:\/\/ugurmalimusavirlik.com\/about\/#primaryimage\"},\"thumbnailUrl\":\"https:\/\/ugurmalimusavirlik.com\/wp-content\/uploads\/2020\/05\/Yasar-Ugur-Mali-Musavir-Logo-1024x392.png\",\"datePublished\":\"2020-05-29T10:10:14+00:00\",\"dateModified\":\"2024-06-22T10:40:28+00:00\",\"breadcrumb\":{\"@id\":\"https:\/\/ugurmalimusavirlik.com\/about\/#breadcrumb\"},\"inLanguage\":\"de\",\"potentialAction\":[{\"@type\":\"ReadAction\",\"target\":[\"https:\/\/ugurmalimusavirlik.com\/about\/\"]}]},{\"@type\":\"ImageObject\",\"inLanguage\":\"de\",\"@id\":\"https:\/\/ugurmalimusavirlik.com\/about\/#primaryimage\",\"url\":\"https:\/\/ugurmalimusavirlik.com\/wp-content\/uploads\/2020\/05\/Yasar-Ugur-Mali-Musavir-Logo-1024x392.png\",\"contentUrl\":\"https:\/\/ugurmalimusavirlik.com\/wp-content\/uploads\/2020\/05\/Yasar-Ugur-Mali-Musavir-Logo-1024x392.png\"},{\"@type\":\"BreadcrumbList\",\"@id\":\"https:\/\/ugurmalimusavirlik.com\/about\/#breadcrumb\",\"itemListElement\":[{\"@type\":\"ListItem\",\"position\":1,\"name\":\"Anasayfa\",\"item\":\"https:\/\/ugurmalimusavirlik.com\/\"},{\"@type\":\"ListItem\",\"position\":2,\"name\":\"Hakk\u0131m\u0131zda\"}]},{\"@type\":\"WebSite\",\"@id\":\"https:\/\/ugurmalimusavirlik.com\/#website\",\"url\":\"https:\/\/ugurmalimusavirlik.com\/\",\"name\":\"Ya\u015far U\u011fur Mali M\u00fc\u015favirlik\",\"description\":\"Mali M\u00fc\u015favirlik\",\"potentialAction\":[{\"@type\":\"SearchAction\",\"target\":{\"@type\":\"EntryPoint\",\"urlTemplate\":\"https:\/\/ugurmalimusavirlik.com\/?s={search_term_string}\"},\"query-input\":\"required name=search_term_string\"}],\"inLanguage\":\"de\"}]}<\/script>\n<!-- \/ Yoast SEO plugin. -->","yoast_head_json":{"title":"Hakk\u0131m\u0131zda","robots":{"index":"index","follow":"follow","max-snippet":"max-snippet:-1","max-image-preview":"max-image-preview:large","max-video-preview":"max-video-preview:-1"},"canonical":"https:\/\/ugurmalimusavirlik.com\/de\/about\/","og_locale":"de_DE","og_type":"article","og_title":"Hakk\u0131m\u0131zda","og_description":"Hakk\u0131m\u0131zda Hakk\u0131m\u0131zda Ya\u015far U\u011fur Mali M\u00fc\u015favirlik olarak, May\u0131s 1993 y\u0131l\u0131ndan bu yana Alanya\u2019da serbest muhasebeci ve mali m\u00fc\u015favirlik hizmetleri sunmaktay\u0131z. Firmam\u0131z, mali y\u00f6netim, vergi dan\u0131\u015fmanl\u0131\u011f\u0131 ve finansal dan\u0131\u015fmanl\u0131k alanlar\u0131nda geni\u015f bir yelpazede profesyonel \u00e7\u00f6z\u00fcmler sunarak, bireylerin ve i\u015fletmelerin finansal hedeflerine ula\u015fmalar\u0131na yard\u0131mc\u0131 olmaktad\u0131r. Y\u0131llar\u0131n getirdi\u011fi deneyim ve bilgi birikimimizle, m\u00fc\u015fterilerimize her zaman en g\u00fcncel ve [&hellip;]","og_url":"https:\/\/ugurmalimusavirlik.com\/de\/about\/","og_site_name":"Ya\u015far U\u011fur Mali M\u00fc\u015favirlik","article_modified_time":"2024-06-22T10:40:28+00:00","og_image":[{"url":"https:\/\/ugurmalimusavirlik.com\/wp-content\/uploads\/2020\/05\/Yasar-Ugur-Mali-Musavir-Logo-1024x392.png"}],"twitter_card":"summary_large_image","twitter_misc":{"Gesch\u00e4tzte Lesezeit":"2\u00a0Minuten"},"schema":{"@context":"https:\/\/schema.org","@graph":[{"@type":"WebPage","@id":"https:\/\/ugurmalimusavirlik.com\/about\/","url":"https:\/\/ugurmalimusavirlik.com\/about\/","name":"Hakk\u0131m\u0131zda","isPartOf":{"@id":"https:\/\/ugurmalimusavirlik.com\/#website"},"primaryImageOfPage":{"@id":"https:\/\/ugurmalimusavirlik.com\/about\/#primaryimage"},"image":{"@id":"https:\/\/ugurmalimusavirlik.com\/about\/#primaryimage"},"thumbnailUrl":"https:\/\/ugurmalimusavirlik.com\/wp-content\/uploads\/2020\/05\/Yasar-Ugur-Mali-Musavir-Logo-1024x392.png","datePublished":"2020-05-29T10:10:14+00:00","dateModified":"2024-06-22T10:40:28+00:00","breadcrumb":{"@id":"https:\/\/ugurmalimusavirlik.com\/about\/#breadcrumb"},"inLanguage":"de","potentialAction":[{"@type":"ReadAction","target":["https:\/\/ugurmalimusavirlik.com\/about\/"]}]},{"@type":"ImageObject","inLanguage":"de","@id":"https:\/\/ugurmalimusavirlik.com\/about\/#primaryimage","url":"https:\/\/ugurmalimusavirlik.com\/wp-content\/uploads\/2020\/05\/Yasar-Ugur-Mali-Musavir-Logo-1024x392.png","contentUrl":"https:\/\/ugurmalimusavirlik.com\/wp-content\/uploads\/2020\/05\/Yasar-Ugur-Mali-Musavir-Logo-1024x392.png"},{"@type":"BreadcrumbList","@id":"https:\/\/ugurmalimusavirlik.com\/about\/#breadcrumb","itemListElement":[{"@type":"ListItem","position":1,"name":"Anasayfa","item":"https:\/\/ugurmalimusavirlik.com\/"},{"@type":"ListItem","position":2,"name":"Hakk\u0131m\u0131zda"}]},{"@type":"WebSite","@id":"https:\/\/ugurmalimusavirlik.com\/#website","url":"https:\/\/ugurmalimusavirlik.com\/","name":"Ya\u015far U\u011fur Mali M\u00fc\u015favirlik","description":"Mali M\u00fc\u015favirlik","potentialAction":[{"@type":"SearchAction","target":{"@type":"EntryPoint","urlTemplate":"https:\/\/ugurmalimusavirlik.com\/?s={search_term_string}"},"query-input":"required name=search_term_string"}],"inLanguage":"de"}]}},"_links":{"self":[{"href":"https:\/\/ugurmalimusavirlik.com\/de\/wp-json\/wp\/v2\/pages\/107","targetHints":{"allow":["GET"]}}],"collection":[{"href":"https:\/\/ugurmalimusavirlik.com\/de\/wp-json\/wp\/v2\/pages"}],"about":[{"href":"https:\/\/ugurmalimusavirlik.com\/de\/wp-json\/wp\/v2\/types\/page"}],"author":[{"embeddable":true,"href":"https:\/\/ugurmalimusavirlik.com\/de\/wp-json\/wp\/v2\/users\/1"}],"replies":[{"embeddable":true,"href":"https:\/\/ugurmalimusavirlik.com\/de\/wp-json\/wp\/v2\/comments?post=107"}],"version-history":[{"count":14,"href":"https:\/\/ugurmalimusavirlik.com\/de\/wp-json\/wp\/v2\/pages\/107\/revisions"}],"predecessor-version":[{"id":590,"href":"https:\/\/ugurmalimusavirlik.com\/de\/wp-json\/wp\/v2\/pages\/107\/revisions\/590"}],"wp:attachment":[{"href":"https:\/\/ugurmalimusavirlik.com\/de\/wp-json\/wp\/v2\/media?parent=107"}],"curies":[{"name":"wp","href":"https:\/\/api.w.org\/{rel}","templated":true}]}}