{"id":551,"date":"2024-06-03T05:08:09","date_gmt":"2024-06-03T02:08:09","guid":{"rendered":"https:\/\/ugurmalimusavirlik.com\/?page_id=551"},"modified":"2024-06-03T05:09:24","modified_gmt":"2024-06-03T02:09:24","slug":"kvkk","status":"publish","type":"page","link":"https:\/\/ugurmalimusavirlik.com\/de\/kvkk\/","title":{"rendered":"KVKK"},"content":{"rendered":"<div data-elementor-type=\"wp-page\" data-elementor-id=\"551\" class=\"elementor elementor-551\" data-elementor-post-type=\"page\">\n\t\t\t\t\t\t\t<div class=\"elementor-element elementor-element-9848bfb e-flex e-con-boxed e-con e-parent\" data-id=\"9848bfb\" data-element_type=\"container\" data-settings=\"{&quot;jet_parallax_layout_list&quot;:[],&quot;content_width&quot;:&quot;boxed&quot;}\" data-core-v316-plus=\"true\">\n\t\t\t\t\t<div class=\"e-con-inner\">\n\t\t\t\t<div class=\"elementor-element elementor-element-39b49a8 elementor-widget elementor-widget-heading\" data-id=\"39b49a8\" data-element_type=\"widget\" data-widget_type=\"heading.default\">\n\t\t\t\t<div class=\"elementor-widget-container\">\n\t\t\t<style>\/*! elementor - v3.18.0 - 04-12-2023 *\/\n.elementor-heading-title{padding:0;margin:0;line-height:1}.elementor-widget-heading .elementor-heading-title[class*=elementor-size-]>a{color:inherit;font-size:inherit;line-height:inherit}.elementor-widget-heading .elementor-heading-title.elementor-size-small{font-size:15px}.elementor-widget-heading .elementor-heading-title.elementor-size-medium{font-size:19px}.elementor-widget-heading .elementor-heading-title.elementor-size-large{font-size:29px}.elementor-widget-heading .elementor-heading-title.elementor-size-xl{font-size:39px}.elementor-widget-heading .elementor-heading-title.elementor-size-xxl{font-size:59px}<\/style><h2 class=\"elementor-heading-title elementor-size-default\"> INFORMATIONSTEXT ZUR VERARBEITUNG PERSONENBEZOGENER DATEN<\/h2>\t\t<\/div>\n\t\t\t\t<\/div>\n\t\t\t\t<div class=\"elementor-element elementor-element-83b119e elementor-widget elementor-widget-text-editor\" data-id=\"83b119e\" data-element_type=\"widget\" data-widget_type=\"text-editor.default\">\n\t\t\t\t<div class=\"elementor-widget-container\">\n\t\t\t<style>\/*! elementor - v3.18.0 - 04-12-2023 *\/\n.elementor-widget-text-editor.elementor-drop-cap-view-stacked .elementor-drop-cap{background-color:#69727d;color:#fff}.elementor-widget-text-editor.elementor-drop-cap-view-framed .elementor-drop-cap{color:#69727d;border:3px solid;background-color:transparent}.elementor-widget-text-editor:not(.elementor-drop-cap-view-default) .elementor-drop-cap{margin-top:8px}.elementor-widget-text-editor:not(.elementor-drop-cap-view-default) .elementor-drop-cap-letter{width:1em;height:1em}.elementor-widget-text-editor .elementor-drop-cap{float:left;text-align:center;line-height:1;font-size:50px}.elementor-widget-text-editor .elementor-drop-cap-letter{display:inline-block}<\/style>\t\t\t\t<p>INFORMATIONSTEXT ZUR VERARBEITUNG PERSONENBEZOGENER DATEN<\/p><p>1. VERANTWORTLICHER F\u00dcR DIE VERARBEITUNG<br \/>Dieser Offenlegungstext zur Verarbeitung personenbezogener Daten (Text) wurde erstellt, um darauf hinzuweisen, dass wir als YA\u015eAR U\u011eUR (Beratungsunternehmen oder Unternehmen) in unserer Funktion als Datenverantwortlicher die personenbezogenen Daten unserer Kunden mit gro\u00dfer Sorgfalt behandeln, und um Sie \u00fcber die Aktivit\u00e4ten zur Verarbeitung personenbezogener Daten zu informieren, die wir gem\u00e4\u00df Artikel 10 des Gesetzes zum Schutz personenbezogener Daten Nr. 6698 (KVKK) durchf\u00fchren.<\/p><p>2. Zweck der Verarbeitung Ihrer personenbezogenen Daten<br \/>Ihre personenbezogenen Daten werden gem\u00e4\u00df den im KVKK festgelegten allgemeinen Grunds\u00e4tzen im Rahmen und im Einklang mit dem Gesetz \u00fcber Wirtschaftspr\u00fcfer und vereidigte Finanzberater Nr. 3568 und anderen gesetzlichen Bestimmungen verarbeitet. Um alle Arten von Dienstleistungen unseres Unternehmens\/unserer Beratungsfirma zu erbringen und davon zu profitieren; Erfassung der Identit\u00e4t, Adresse und anderer notwendiger Informationen zur Identifizierung des Transaktionsinhabers; Um Sie bez\u00fcglich der von Ihnen angeforderten oder anzufordernden Produkte und Dienstleistungen kontaktieren zu k\u00f6nnen; Unser Unternehmen\/unsere Beratungsfirma kann Berichte, Finanzdaten, Versicherungs- und Steuerberechnungen durchf\u00fchren; Um mit der Steuerverwaltung verbundene E-Declaration-Berechnungen durchf\u00fchren zu k\u00f6nnen; Zur Verwendung f\u00fcr Zwecke wie Berechnungen und Festlegungen elektronischer Erkl\u00e4rungen im Rahmen der Pr\u00e4sidentschaft der Sozialversicherungsanstalt; Damit unser Unternehmen\/unsere Beratungsfirma die T\u00e4tigkeiten im Rahmen des Gesetzes Nr. 3568 ausf\u00fchren kann; Vorbereitung aller Aufzeichnungen und Dokumente, die die Grundlage der Transaktion bilden, in elektronischer oder gedruckter Form; Erf\u00fcllung von von anderen Beh\u00f6rden im Rahmen der gesetzlichen Bestimmungen festgelegten oder geforderten Informationsaufbewahrungs-, Melde- und Benachrichtigungspflichten; um die von Ihnen angeforderten Produkte und Dienstleistungen bereitzustellen und Ihre Anweisungen zu erf\u00fcllen; Weitergabe Ihrer Finanzdaten an Finanzinstitute und -organisationen; Hochladen personenbezogener Daten ins Internet \u00fcber die verwendeten Buchhaltungsprogramme; Sie k\u00f6nnen gem\u00e4\u00df den in den Artikeln 5 und 6 des KVKK festgelegten Verarbeitungsbedingungen zum Zwecke der Erf\u00fcllung der Anforderungen der mit Ihnen geschlossenen Vertr\u00e4ge verarbeitet werden.<\/p><p>3. PARTEIEN, AN DIE IHRE PERSONENBEZOGENEN DATEN \u00dcBERMITTELT WERDEN, UND DIE ZWECKE DER \u00dcBERMITTLUNG<br \/>Die Verarbeitung Ihrer personenbezogenen Daten erfolgt gem\u00e4\u00df den gesetzlichen Bestimmungen zu den in \u00a7 2 genannten Zwecken; Sie k\u00f6nnen gem\u00e4\u00df den im Gesetz festgelegten Grunds\u00e4tzen und im Rahmen der in den Artikeln 8 und 9 des KVKK festgelegten Verarbeitungsbedingungen an juristische und nat\u00fcrliche Personen wie das Finanzministerium, die Sozialversicherungsanstalt, innerhalb der t\u00fcrkischen Grenzen ans\u00e4ssige Gemeinden, das Ministerium f\u00fcr Umwelt und Stadtentwicklung, das t\u00fcrkische Statistikinstitut, \u0130\u015f-Kur, das Ministerium f\u00fcr Zoll und Handel, die Bankenregulierungs- und -aufsichtsbeh\u00f6rde, die Zentralbank der Republik T\u00fcrkei, das Kapitalmarktgremium, den Verband der Finanzinstitute, das Kreditregister, das Risikozentrum des t\u00fcrkischen Bankenverbands, das Interbanken-Kartenzentrum und andere Justiz- und Verwaltungsbeh\u00f6rden, unabh\u00e4ngige Wirtschaftspr\u00fcfungsgesellschaften, Wirtschaftspr\u00fcfer, Zollberater, Handelskammern, Industriekammern und diesen Kammern angeschlossene Handelsregisterdirektionen \u00fcbermittelt werden.<\/p><p>4. METHODE ZUR ERHEBUNG IHRER PERSONENBEZOGENEN DATEN UND RECHTSGRUNDLAGE<br \/>Ihre personenbezogenen Daten werden von unserem Unternehmen\/unserer Beratungsfirma verarbeitet; Die von Ihnen per Fracht\/Post an die Adresse unseres Unternehmens\/unserer Beratungsfirma gesendeten oder von Ihnen pers\u00f6nlich von einem Fachmann entgegengenommenen Dokumente werden gem\u00e4\u00df Art. KVKK per E-Mail, Telefon, Faxkan\u00e4le\/-verwaltungen und\/oder andere elektronische und\/oder physische Umgebungen\/Methoden abgerufen. Mit Ausnahme der in den Artikeln 5 und 6 genannten Situationen k\u00f6nnen Ihre personenbezogenen Daten auf der Grundlage Ihrer ausdr\u00fccklichen Zustimmung verarbeitet und \u00fcbermittelt werden.<\/p><p>5. IHRE RECHTE GEM\u00c4SS ARTIKEL 11 DES GESETZES<br \/>Wir informieren Sie hiermit dar\u00fcber, dass Sie als betroffene Person gem\u00e4\u00df Artikel 11 des Gesetzes folgende Rechte haben:<br \/>\u2022 zu erfahren, ob Ihre personenbezogenen Daten verarbeitet werden,<br \/>\u2022 Auskunft \u00fcber die Verarbeitung Ihrer personenbezogenen Daten verlangen,<br \/>\u2022 zu erfahren, zu welchem Zweck Ihre personenbezogenen Daten verarbeitet werden und ob diese zweckgem\u00e4\u00df genutzt werden,<br \/>\u2022 Kenntnis der Drittparteien, an die Ihre personenbezogenen Daten im In- und Ausland \u00fcbermittelt werden,<br \/>\u2022 die Berichtigung Ihrer personenbezogenen Daten zu verlangen, wenn diese unvollst\u00e4ndig oder falsch verarbeitet werden, und die Benachrichtigung der Dritten, an die Ihre personenbezogenen Daten \u00fcbermittelt wurden, \u00fcber die ergriffenen Ma\u00dfnahmen zu verlangen,<br \/>\u2022 Fordern Sie die L\u00f6schung oder Vernichtung personenbezogener Daten an, wenn die Gr\u00fcnde f\u00fcr die Verarbeitung wegfallen, auch wenn die Daten gem\u00e4\u00df dem Gesetz und anderen relevanten Rechtsvorschriften verarbeitet wurden, und fordern Sie, dass die in diesem Rahmen ergriffenen Ma\u00dfnahmen den Dritten mitgeteilt werden, an die Ihre personenbezogenen Daten \u00fcbermittelt wurden.<br \/>\u2022 Einspruch einzulegen, wenn sich aus der Analyse der verarbeiteten Daten ausschlie\u00dflich durch automatisierte Systeme ein Ergebnis gegen Sie ergibt,<br \/>\u2022 Schadensersatz zu verlangen, falls Ihnen aufgrund der unrechtm\u00e4\u00dfigen Verarbeitung Ihrer personenbezogenen Daten ein Schaden entsteht.<\/p><p>Name Nachname: YA\u015eAR UGUR<\/p><p>Geschichte:<br \/>2.<br \/>Unterschrift:<\/p><p>Text der ausdr\u00fccklichen Einwilligung<\/p><p>Ich habe den Informationstext zur Verarbeitung personenbezogener Daten, dem dieser Text beigef\u00fcgt ist, gelesen und in diesem Zusammenhang:<\/p><p>Ich bin damit einverstanden, dass meine personenbezogenen Daten zum Zwecke der Erf\u00fcllung der im Gesetz Nr. 3568 und den einschl\u00e4gigen Rechtsvorschriften festgelegten Pflichten verarbeitet und zu diesem Zweck an die zust\u00e4ndigen \u00f6ffentlichen Verwaltungen \u00fcbermittelt werden.<\/p><p>Vorname Nachname:<\/p><p>Geschichte:<br \/>Unterschrift:<\/p><p>VERPFLICHTUNG ZUR \u00dcBERMITTLUNG PERSONENBEZOGENER DATEN<\/p><p>Diese Verpflichtungserkl\u00e4rung bez\u00fcglich der \u00dcbermittlung personenbezogener Daten (Verpflichtung wurde als Anhang und integraler Bestandteil der am \u2026..\/\u2026.\/\u2026\u2026\u2026. unterzeichneten Vereinbarung zwischen \u2026\u2026\u2026\u2026\u2026\u2026\u2026\u2026\u2026\u2026\u2026\u2026\u2026\u2026\u2026\u2026\u2026\u2026\u2026\u2026\u2026\u2026\u2026\u2026\u2026\u2026\u2026\u2026\u2026\u2026\u2026\u2026\u2026\u2026\u2026\u2026\u2026\u2026\u2026\u2026\u2026\u2026\u2026\u2026\u2026\u2026\u2026\u2026\u2026\u2026.., wohnhaft in \u2026\u2026\u2026\u2026\u2026\u2026\u2026\u2026\u2026\u2026\u2026\u2026\u2026\u2026\u2026\u2026\u2026\u2026\u2026\u2026\u2026\u2026\u2026\u2026\u2026\u2026\u2026\u2026\u2026\u2026\u2026\u2026\u2026\u2026\u2026\u2026\u2026\u2026\u2026\u2026\u2026 (Gesch\u00e4ftsinhaber) und YA\u015eAR U\u011eUR (Berufsangeh\u00f6riger), wohnhaft in \u015eEKERHANE MH. ATAT\u00dcRK CD. ANIT \u0130\u015eH., ETAGE: 2, Nr.: 10\/407 MERKEZ, 07400 ALANYA, ANTALYA, Alanya\/Antalya, erstellt.<\/p><p>In Bezug auf die personenbezogenen Daten, die der Arbeitgeber aufgrund des Vertrags an den Fachmann \u00fcbermittelt hat\/\u00fcbermitteln wird;<\/p><p>1. In dieser Verpflichtung;<\/p><p>\u201eGesetz\/KVKK\u201c bezeichnet das Gesetz zum Schutz personenbezogener Daten Nr. 6698,<\/p><p>\u201eRelevante Person\u201c ist die nat\u00fcrliche Person, deren personenbezogene Daten verarbeitet werden,<\/p><p>\u201ePersonenbezogene Daten\u201c sind alle Informationen, die sich auf eine identifizierte oder identifizierbare nat\u00fcrliche Person beziehen,<\/p><p>\u201eBesondere personenbezogene Daten\u201c sind Daten \u00fcber die Rasse, ethnische Herkunft, politische Meinung, philosophische \u00dcberzeugung, Religion, Sekte oder andere \u00dcberzeugungen, Aussehen und Kleidung, Mitgliedschaft in Vereinen, Stiftungen oder Gewerkschaften, Gesundheit, Sexualleben, strafrechtliche Verurteilungen und Sicherheitsma\u00dfnahmen von Personen sowie biometrische und genetische Daten.<\/p><p>Unter \u201eVerarbeitung personenbezogener Daten\u201c ist jeder Vorgang zu verstehen, der mit personenbezogenen Daten durchgef\u00fchrt wird, wie etwa das Erheben, Aufzeichnen, Speichern, Aufbewahren, \u00c4ndern, Neuorganisieren, Offenlegen, \u00dcbermitteln, \u00dcbernehmen, Bereitstellen, Klassifizieren oder Verhindern der Nutzung personenbezogener Daten, ganz oder teilweise, mit automatischen oder nicht automatischen Mitteln, sofern dies Teil eines Datenaufzeichnungssystems ist.<\/p><p>\u201eGesetzgebung\u201c bezeichnet die KVKK und sekund\u00e4re Vorschriften, die vom Vorstand getroffenen Entscheidungen und alle ver\u00f6ffentlichten Leitf\u00e4den,<\/p><p>dr\u00fcckt aus,<\/p><p>2. Die Verarbeitung personenbezogener Daten der betroffenen Personen kann aufgrund des Vertrags m\u00f6glich sein. Die an das Mitglied des Berufsstands \u00fcbermittelten\/\u00fcbermittelten personenbezogenen Daten werden gem\u00e4\u00df der klaren und informierten Zustimmung der betroffenen Personen und gem\u00e4\u00df den gesetzlichen Bestimmungen erhoben, verarbeitet und an das Mitglied des Berufsstands \u00fcbermittelt\/\u00fcbermittelt, mit Ausnahme der im Gesetz festgelegten Ausnahmef\u00e4lle. Au\u00dferdem wurden\/werden alle erforderlichen technischen und administrativen Ma\u00dfnahmen ergriffen, um sicherzustellen, dass die \u00dcbermittlung gem\u00e4\u00df den gesetzlichen Bestimmungen erfolgt.<\/p><p>3. Damit der Fachmann die vertraglichen Anforderungen und\/oder erteilten Anweisungen erf\u00fcllen kann (einschlie\u00dflich der Weitergabe der Finanzdaten von Steuerzahlern an Finanzinstitute und -organisationen und des Hochladens personenbezogener Daten ins Internet \u00fcber die verwendeten Buchhaltungsprogramme), hat der Fachmann personenbezogene Daten an den Fachmann \u00fcbermittelt\/\u00fcbermitteln wird, diese vom Fachmann beschr\u00e4nkt auf den Zweck der betreffenden \u00dcbermittlung verarbeitet werden und vom Fachmann gem\u00e4\u00df den Rechtsvorschriften f\u00fcr die betreffenden Personen und im Rahmen von Artikel 10 des Gesetzes \u00fcbermittelt werden\/k\u00f6nnen, wurden die Prozesse der Information und, falls erforderlich, der Einholung einer ausdr\u00fccklichen Zustimmung durchgef\u00fchrt und diese Prozesse wurden dokumentiert,<\/p><p>4. Wenn die an den Fachmann \u00fcbermittelten\/\u00fcbermittelten personenbezogenen Daten besonderer Art sind, werden die betreffenden personenbezogenen Daten gem\u00e4\u00df den gesetzlichen Bestimmungen und unter Einhaltung zus\u00e4tzlicher Sicherheitsma\u00dfnahmen an den Fachmann \u00fcbermittelt.<\/p><p>5. Er leitet die ihm zugeleiteten Anfragen der betreffenden Person, die auch das Berufsmitglied betreffen, sp\u00e4testens innerhalb von 3 (drei) Werktagen an das Berufsmitglied weiter,<\/p><p>6. Im Falle einer rechtlichen oder strafrechtlichen Haftung des Berufsmitglieds aufgrund der Nichteinhaltung dieser Verpflichtung und\/oder der geltenden Gesetzgebung beh\u00e4lt sich das Berufsmitglied das Recht vor, von ihm alle Zahlungen, Sch\u00e4den, Ausgaben usw. einzufordern, einschlie\u00dflich, aber nicht beschr\u00e4nkt auf Verwaltungsstrafen, Entsch\u00e4digungen usw., die das Berufsmitglied unter welchem Namen auch immer zahlen muss, und falls das Berufsmitglied dies aus diesem Grund verlangt, hat es diese unverz\u00fcglich, in bar und auf einmal zu zahlen, ohne dass es dazu rechtlicher Schritte bedarf.<\/p><p>7. Bei Streitigkeiten aus dieser Verpflichtung gilt t\u00fcrkisches Recht.<\/p><p>akzeptiert, erkl\u00e4rt und verpflichtet sich.<\/p><p>Vorname Nachname:<\/p><p>Geschichte:<\/p><p>Unterschrift:<\/p>\t\t\t\t\t\t<\/div>\n\t\t\t\t<\/div>\n\t\t\t\t\t<\/div>\n\t\t\t\t<\/div>\n\t\t\t\t\t\t\t<\/div>","protected":false},"excerpt":{"rendered":"<p>INFORMATIONSTEXT ZUR VERARBEITUNG PERSONENBEZOGENER DATEN INFORMATIONSTEXT ZUR VERARBEITUNG PERSONENBEZOGENER DATEN 1. DATENVERANTWORTLICHER Dieser Informationstext zur Verarbeitung personenbezogener Daten (Text) soll darauf hinweisen, dass wir als YA\u015eAR U\u011eUR (Beratungsunternehmen oder Unternehmen) in unserer Funktion als Verantwortlicher f\u00fcr die Datenverarbeitung die personenbezogenen Daten unserer Kunden mit gro\u00dfer Sorgfalt behandeln, und Sie \u00fcber die Aktivit\u00e4ten zur Verarbeitung personenbezogener Daten informieren, die wir gem\u00e4\u00df Artikel 10 des Gesetzes zum Schutz personenbezogener Daten Nr. 6698 (KVKK) durchf\u00fchren [\u2026]<\/p>","protected":false},"author":1,"featured_media":0,"parent":0,"menu_order":0,"comment_status":"closed","ping_status":"closed","template":"elementor_header_footer","meta":{"_acf_changed":false,"footnotes":""},"class_list":["post-551","page","type-page","status-publish","hentry"],"acf":[],"yoast_head":"<!-- This site is optimized with the Yoast SEO plugin v22.8 - https:\/\/yoast.com\/wordpress\/plugins\/seo\/ -->\n<title>KVKK - Ya\u015far U\u011fur Mali M\u00fc\u015favirlik<\/title>\n<meta name=\"robots\" content=\"index, follow, max-snippet:-1, max-image-preview:large, max-video-preview:-1\" \/>\n<link rel=\"canonical\" href=\"https:\/\/ugurmalimusavirlik.com\/de\/kvkk\/\" \/>\n<meta property=\"og:locale\" content=\"de_DE\" \/>\n<meta property=\"og:type\" content=\"article\" \/>\n<meta property=\"og:title\" content=\"KVKK - Ya\u015far U\u011fur Mali M\u00fc\u015favirlik\" \/>\n<meta property=\"og:description\" content=\"K\u0130\u015e\u0130SEL VER\u0130LER\u0130N \u0130\u015eLENMES\u0130NE \u0130L\u0130\u015eK\u0130N AYDINLATMA METN\u0130 K\u0130\u015e\u0130SEL VER\u0130LER\u0130N \u0130\u015eLENMES\u0130NE \u0130L\u0130\u015eK\u0130N AYDINLATMA METN\u0130 1. VER\u0130 SORUMLUSU\u0130\u015fbu Ki\u015fisel Verilerin \u0130\u015flenmesine \u0130li\u015fkin Ayd\u0131nlatma Metni (Metin), veri sorumlusu s\u0131fat\u0131yla YA\u015eAR U\u011eUR (M\u00fc\u015favirlik yada \u015eirket) olarak siz m\u00fc\u015fterilerimizin ki\u015fisel verilerini b\u00fcy\u00fck bir \u00f6zenle ele ald\u0131\u011f\u0131m\u0131z\u0131 belirtmek, ger\u00e7ekle\u015ftirdi\u011fimiz ki\u015fisel veri i\u015fleme faaliyetleri hakk\u0131nda 6698 say\u0131l\u0131 Ki\u015fisel Verilerin Korunmas\u0131 Kanunu\u2019nun (KVKK) 10. [&hellip;]\" \/>\n<meta property=\"og:url\" content=\"https:\/\/ugurmalimusavirlik.com\/de\/kvkk\/\" \/>\n<meta property=\"og:site_name\" content=\"Ya\u015far U\u011fur Mali M\u00fc\u015favirlik\" \/>\n<meta property=\"article:modified_time\" content=\"2024-06-03T02:09:24+00:00\" \/>\n<meta name=\"twitter:card\" content=\"summary_large_image\" \/>\n<meta name=\"twitter:label1\" content=\"Gesch\u00e4tzte Lesezeit\" \/>\n\t<meta name=\"twitter:data1\" content=\"7\u00a0Minuten\" \/>\n<script type=\"application\/ld+json\" class=\"yoast-schema-graph\">{\"@context\":\"https:\/\/schema.org\",\"@graph\":[{\"@type\":\"WebPage\",\"@id\":\"https:\/\/ugurmalimusavirlik.com\/kvkk\/\",\"url\":\"https:\/\/ugurmalimusavirlik.com\/kvkk\/\",\"name\":\"KVKK - Ya\u015far U\u011fur Mali M\u00fc\u015favirlik\",\"isPartOf\":{\"@id\":\"https:\/\/ugurmalimusavirlik.com\/#website\"},\"datePublished\":\"2024-06-03T02:08:09+00:00\",\"dateModified\":\"2024-06-03T02:09:24+00:00\",\"breadcrumb\":{\"@id\":\"https:\/\/ugurmalimusavirlik.com\/kvkk\/#breadcrumb\"},\"inLanguage\":\"de\",\"potentialAction\":[{\"@type\":\"ReadAction\",\"target\":[\"https:\/\/ugurmalimusavirlik.com\/kvkk\/\"]}]},{\"@type\":\"BreadcrumbList\",\"@id\":\"https:\/\/ugurmalimusavirlik.com\/kvkk\/#breadcrumb\",\"itemListElement\":[{\"@type\":\"ListItem\",\"position\":1,\"name\":\"Anasayfa\",\"item\":\"https:\/\/ugurmalimusavirlik.com\/\"},{\"@type\":\"ListItem\",\"position\":2,\"name\":\"KVKK\"}]},{\"@type\":\"WebSite\",\"@id\":\"https:\/\/ugurmalimusavirlik.com\/#website\",\"url\":\"https:\/\/ugurmalimusavirlik.com\/\",\"name\":\"Ya\u015far U\u011fur Mali M\u00fc\u015favirlik\",\"description\":\"Mali M\u00fc\u015favirlik\",\"potentialAction\":[{\"@type\":\"SearchAction\",\"target\":{\"@type\":\"EntryPoint\",\"urlTemplate\":\"https:\/\/ugurmalimusavirlik.com\/?s={search_term_string}\"},\"query-input\":\"required name=search_term_string\"}],\"inLanguage\":\"de\"}]}<\/script>\n<!-- \/ Yoast SEO plugin. -->","yoast_head_json":{"title":"KVKK - Ya\u015far U\u011fur Mali M\u00fc\u015favirlik","robots":{"index":"index","follow":"follow","max-snippet":"max-snippet:-1","max-image-preview":"max-image-preview:large","max-video-preview":"max-video-preview:-1"},"canonical":"https:\/\/ugurmalimusavirlik.com\/de\/kvkk\/","og_locale":"de_DE","og_type":"article","og_title":"KVKK - Ya\u015far U\u011fur Mali M\u00fc\u015favirlik","og_description":"K\u0130\u015e\u0130SEL VER\u0130LER\u0130N \u0130\u015eLENMES\u0130NE \u0130L\u0130\u015eK\u0130N AYDINLATMA METN\u0130 K\u0130\u015e\u0130SEL VER\u0130LER\u0130N \u0130\u015eLENMES\u0130NE \u0130L\u0130\u015eK\u0130N AYDINLATMA METN\u0130 1. VER\u0130 SORUMLUSU\u0130\u015fbu Ki\u015fisel Verilerin \u0130\u015flenmesine \u0130li\u015fkin Ayd\u0131nlatma Metni (Metin), veri sorumlusu s\u0131fat\u0131yla YA\u015eAR U\u011eUR (M\u00fc\u015favirlik yada \u015eirket) olarak siz m\u00fc\u015fterilerimizin ki\u015fisel verilerini b\u00fcy\u00fck bir \u00f6zenle ele ald\u0131\u011f\u0131m\u0131z\u0131 belirtmek, ger\u00e7ekle\u015ftirdi\u011fimiz ki\u015fisel veri i\u015fleme faaliyetleri hakk\u0131nda 6698 say\u0131l\u0131 Ki\u015fisel Verilerin Korunmas\u0131 Kanunu\u2019nun (KVKK) 10. [&hellip;]","og_url":"https:\/\/ugurmalimusavirlik.com\/de\/kvkk\/","og_site_name":"Ya\u015far U\u011fur Mali M\u00fc\u015favirlik","article_modified_time":"2024-06-03T02:09:24+00:00","twitter_card":"summary_large_image","twitter_misc":{"Gesch\u00e4tzte Lesezeit":"7\u00a0Minuten"},"schema":{"@context":"https:\/\/schema.org","@graph":[{"@type":"WebPage","@id":"https:\/\/ugurmalimusavirlik.com\/kvkk\/","url":"https:\/\/ugurmalimusavirlik.com\/kvkk\/","name":"KVKK - Ya\u015far U\u011fur Mali M\u00fc\u015favirlik","isPartOf":{"@id":"https:\/\/ugurmalimusavirlik.com\/#website"},"datePublished":"2024-06-03T02:08:09+00:00","dateModified":"2024-06-03T02:09:24+00:00","breadcrumb":{"@id":"https:\/\/ugurmalimusavirlik.com\/kvkk\/#breadcrumb"},"inLanguage":"de","potentialAction":[{"@type":"ReadAction","target":["https:\/\/ugurmalimusavirlik.com\/kvkk\/"]}]},{"@type":"BreadcrumbList","@id":"https:\/\/ugurmalimusavirlik.com\/kvkk\/#breadcrumb","itemListElement":[{"@type":"ListItem","position":1,"name":"Anasayfa","item":"https:\/\/ugurmalimusavirlik.com\/"},{"@type":"ListItem","position":2,"name":"KVKK"}]},{"@type":"WebSite","@id":"https:\/\/ugurmalimusavirlik.com\/#website","url":"https:\/\/ugurmalimusavirlik.com\/","name":"Ya\u015far U\u011fur Mali M\u00fc\u015favirlik","description":"Mali M\u00fc\u015favirlik","potentialAction":[{"@type":"SearchAction","target":{"@type":"EntryPoint","urlTemplate":"https:\/\/ugurmalimusavirlik.com\/?s={search_term_string}"},"query-input":"required name=search_term_string"}],"inLanguage":"de"}]}},"_links":{"self":[{"href":"https:\/\/ugurmalimusavirlik.com\/de\/wp-json\/wp\/v2\/pages\/551","targetHints":{"allow":["GET"]}}],"collection":[{"href":"https:\/\/ugurmalimusavirlik.com\/de\/wp-json\/wp\/v2\/pages"}],"about":[{"href":"https:\/\/ugurmalimusavirlik.com\/de\/wp-json\/wp\/v2\/types\/page"}],"author":[{"embeddable":true,"href":"https:\/\/ugurmalimusavirlik.com\/de\/wp-json\/wp\/v2\/users\/1"}],"replies":[{"embeddable":true,"href":"https:\/\/ugurmalimusavirlik.com\/de\/wp-json\/wp\/v2\/comments?post=551"}],"version-history":[{"count":4,"href":"https:\/\/ugurmalimusavirlik.com\/de\/wp-json\/wp\/v2\/pages\/551\/revisions"}],"predecessor-version":[{"id":556,"href":"https:\/\/ugurmalimusavirlik.com\/de\/wp-json\/wp\/v2\/pages\/551\/revisions\/556"}],"wp:attachment":[{"href":"https:\/\/ugurmalimusavirlik.com\/de\/wp-json\/wp\/v2\/media?parent=551"}],"curies":[{"name":"wp","href":"https:\/\/api.w.org\/{rel}","templated":true}]}}