{"id":199,"date":"2020-05-29T18:07:45","date_gmt":"2020-05-29T18:07:45","guid":{"rendered":"https:\/\/jupiterx.artbees.net\/business-2\/?page_id=199"},"modified":"2024-06-03T03:16:48","modified_gmt":"2024-06-03T00:16:48","slug":"404-2","status":"publish","type":"page","link":"https:\/\/ugurmalimusavirlik.com\/en\/404-2\/","title":{"rendered":"404"},"content":{"rendered":"<div data-elementor-type=\"wp-page\" data-elementor-id=\"199\" class=\"elementor elementor-199\" data-elementor-post-type=\"page\">\n\t\t\t\t\t\t\t\t\t<section class=\"elementor-section elementor-top-section elementor-element elementor-element-dd089b7 elementor-section-boxed elementor-section-height-default elementor-section-height-default\" data-id=\"dd089b7\" data-element_type=\"section\" data-settings=\"{&quot;jet_parallax_layout_list&quot;:[{&quot;jet_parallax_layout_image&quot;:{&quot;url&quot;:&quot;&quot;,&quot;id&quot;:&quot;&quot;,&quot;size&quot;:&quot;&quot;},&quot;_id&quot;:&quot;586dceb&quot;,&quot;jet_parallax_layout_image_tablet&quot;:{&quot;url&quot;:&quot;&quot;,&quot;id&quot;:&quot;&quot;,&quot;size&quot;:&quot;&quot;},&quot;jet_parallax_layout_image_mobile&quot;:{&quot;url&quot;:&quot;&quot;,&quot;id&quot;:&quot;&quot;,&quot;size&quot;:&quot;&quot;},&quot;jet_parallax_layout_speed&quot;:{&quot;unit&quot;:&quot;%&quot;,&quot;size&quot;:50,&quot;sizes&quot;:[]},&quot;jet_parallax_layout_type&quot;:&quot;scroll&quot;,&quot;jet_parallax_layout_direction&quot;:null,&quot;jet_parallax_layout_fx_direction&quot;:null,&quot;jet_parallax_layout_z_index&quot;:&quot;&quot;,&quot;jet_parallax_layout_bg_x&quot;:50,&quot;jet_parallax_layout_bg_y&quot;:50,&quot;jet_parallax_layout_bg_size&quot;:&quot;auto&quot;,&quot;jet_parallax_layout_animation_prop&quot;:&quot;transform&quot;,&quot;jet_parallax_layout_on&quot;:[&quot;desktop&quot;,&quot;tablet&quot;],&quot;jet_parallax_layout_bg_x_tablet&quot;:&quot;&quot;,&quot;jet_parallax_layout_bg_x_mobile&quot;:&quot;&quot;,&quot;jet_parallax_layout_bg_y_tablet&quot;:&quot;&quot;,&quot;jet_parallax_layout_bg_y_mobile&quot;:&quot;&quot;,&quot;jet_parallax_layout_bg_size_tablet&quot;:&quot;&quot;,&quot;jet_parallax_layout_bg_size_mobile&quot;:&quot;&quot;}]}\">\n\t\t\t\t\t\t<div class=\"elementor-container elementor-column-gap-no\">\n\t\t\t\t\t<div class=\"elementor-column elementor-col-100 elementor-top-column elementor-element elementor-element-51ceffa\" data-id=\"51ceffa\" data-element_type=\"column\">\n\t\t\t<div class=\"elementor-widget-wrap elementor-element-populated\">\n\t\t\t\t\t\t\t\t<div class=\"elementor-element elementor-element-3232ee7 elementor-widget elementor-widget-raven-image\" data-id=\"3232ee7\" data-element_type=\"widget\" data-widget_type=\"raven-image.default\">\n\t\t\t\t<div class=\"elementor-widget-container\">\n\t\t\t\t\t<div class=\"raven-image\">\n\t\t\n\t\t\n\t\t<img fetchpriority=\"high\" decoding=\"async\" width=\"415\" height=\"259\" src=\"https:\/\/ugurmalimusavirlik.com\/wp-content\/uploads\/2020\/05\/404-illustration.png\" class=\"attachment-full size-full wp-image-7\" alt=\"\" srcset=\"https:\/\/ugurmalimusavirlik.com\/wp-content\/uploads\/2020\/05\/404-illustration.png 415w, https:\/\/ugurmalimusavirlik.com\/wp-content\/uploads\/2020\/05\/404-illustration-300x187.png 300w\" sizes=\"(max-width: 415px) 100vw, 415px\" \/>\t\t<\/div>\n\t\t\t\t<\/div>\n\t\t\t\t<\/div>\n\t\t\t\t<div class=\"elementor-element elementor-element-1433afe elementor-widget elementor-widget-heading\" data-id=\"1433afe\" data-element_type=\"widget\" data-widget_type=\"heading.default\">\n\t\t\t\t<div class=\"elementor-widget-container\">\n\t\t\t<style>\/*! elementor - v3.18.0 - 04-12-2023 *\/\n.elementor-heading-title{padding:0;margin:0;line-height:1}.elementor-widget-heading .elementor-heading-title[class*=elementor-size-]>a{color:inherit;font-size:inherit;line-height:inherit}.elementor-widget-heading .elementor-heading-title.elementor-size-small{font-size:15px}.elementor-widget-heading .elementor-heading-title.elementor-size-medium{font-size:19px}.elementor-widget-heading .elementor-heading-title.elementor-size-large{font-size:29px}.elementor-widget-heading .elementor-heading-title.elementor-size-xl{font-size:39px}.elementor-widget-heading .elementor-heading-title.elementor-size-xxl{font-size:59px}<\/style><h1 class=\"elementor-heading-title elementor-size-default\">Oops! Page not found<\/h1>\t\t<\/div>\n\t\t\t\t<\/div>\n\t\t\t\t<div class=\"elementor-element elementor-element-b0447c0 elementor-widget elementor-widget-text-editor\" data-id=\"b0447c0\" data-element_type=\"widget\" data-widget_type=\"text-editor.default\">\n\t\t\t\t<div class=\"elementor-widget-container\">\n\t\t\t<style>\/*! elementor - v3.18.0 - 04-12-2023 *\/\n.elementor-widget-text-editor.elementor-drop-cap-view-stacked .elementor-drop-cap{background-color:#69727d;color:#fff}.elementor-widget-text-editor.elementor-drop-cap-view-framed .elementor-drop-cap{color:#69727d;border:3px solid;background-color:transparent}.elementor-widget-text-editor:not(.elementor-drop-cap-view-default) .elementor-drop-cap{margin-top:8px}.elementor-widget-text-editor:not(.elementor-drop-cap-view-default) .elementor-drop-cap-letter{width:1em;height:1em}.elementor-widget-text-editor .elementor-drop-cap{float:left;text-align:center;line-height:1;font-size:50px}.elementor-widget-text-editor .elementor-drop-cap-letter{display:inline-block}<\/style>\t\t\t\t<p>Don&#039;t worry! we will get back soon, we are working on it!<\/p>\t\t\t\t\t\t<\/div>\n\t\t\t\t<\/div>\n\t\t\t\t<div class=\"elementor-element elementor-element-6b58d84 elementor-align-center elementor-widget elementor-widget-raven-button\" data-id=\"6b58d84\" data-element_type=\"widget\" data-settings=\"{&quot;turn_to_popup_action_button&quot;:&quot;no&quot;}\" data-widget_type=\"raven-button.default\">\n\t\t\t\t<div class=\"elementor-widget-container\">\n\t\t\t\t\t<div class=\"raven-widget-wrapper\">\n\t\t\t<a class=\"raven-button raven-button-widget-normal-effect-none  raven-button-text-align-center raven-button-link elementor-animation-none\" href=\"https:\/\/ugurmalimusavirlik.com\/en\/home\/\">\t\t\t\t<div class=\"raven-button-overlay\" ><\/div>\n\t\t\t\t<span class=\"raven-button-content\">\n\t\t\t\t\t\n\t\t\t\t\t<div class=\"button-text-container\">\n\t\t\t\t\t\t\t\t\t\t\t\t<div class=\"raven-button-texts-wrapper\">\n\t\t\t\t\t\t\t<div class=\"button-text\">\n\t\t\t\t\t\t\t\t<span class=\"raven-button-text\">\n\t\t\t\t\t\t\t\t\tBack to Home\t\t\t\t\t\t\t\t<\/span>\n\t\t\t\t\t\t\t<\/div>\n\t\t\t\t\t\t\t\t\t\t\t\t\t<\/div>\n\t\t\t\t\t\t\t\t\t\t\t<\/div>\n\t\t\t\t\t\n\t\t\t\t\t\t\t\t\t<\/span>\n\t\t\t<\/a>\t\t<\/div>\n\t\t\t\t<\/div>\n\t\t\t\t<\/div>\n\t\t\t\t\t<\/div>\n\t\t<\/div>\n\t\t\t\t\t\t\t<\/div>\n\t\t<\/section>\n\t\t\t\t\t\t\t<\/div>","protected":false},"excerpt":{"rendered":"<p>Oops! Page not found Don&#039;t worry! we will get back soon, we are working on it! Back to Home<\/p>","protected":false},"author":1,"featured_media":0,"parent":0,"menu_order":0,"comment_status":"closed","ping_status":"closed","template":"full-width.php","meta":{"_acf_changed":false,"footnotes":""},"class_list":["post-199","page","type-page","status-publish","hentry"],"acf":[],"yoast_head":"<!-- This site is optimized with the Yoast SEO plugin v22.8 - https:\/\/yoast.com\/wordpress\/plugins\/seo\/ -->\n<title>Business Solution - Jupiter X Templates<\/title>\n<meta name=\"description\" content=\"A creative and functional website with pleasing aesthetics is what you need for your IT solution company to keep the audience engaged. Jupiter X WP Theme&#039;s Business Solution website template has it in store for you!\" \/>\n<meta name=\"robots\" content=\"index, follow, max-snippet:-1, max-image-preview:large, max-video-preview:-1\" \/>\n<link rel=\"canonical\" href=\"https:\/\/ugurmalimusavirlik.com\/en\/404-2\/\" \/>\n<meta property=\"og:locale\" content=\"en_US\" \/>\n<meta property=\"og:type\" content=\"article\" \/>\n<meta property=\"og:title\" content=\"Business Solution - Jupiter X Templates\" \/>\n<meta property=\"og:description\" content=\"A creative and functional website with pleasing aesthetics is what you need for your IT solution company to keep the audience engaged. Jupiter X WP Theme&#039;s Business Solution website template has it in store for you!\" \/>\n<meta property=\"og:url\" content=\"https:\/\/ugurmalimusavirlik.com\/en\/404-2\/\" \/>\n<meta property=\"og:site_name\" content=\"Ya\u015far U\u011fur Mali M\u00fc\u015favirlik\" \/>\n<meta property=\"article:modified_time\" content=\"2024-06-03T00:16:48+00:00\" \/>\n<meta property=\"og:image\" content=\"https:\/\/ugurmalimusavirlik.com\/wp-content\/uploads\/2020\/05\/404-illustration.png\" \/>\n<meta name=\"twitter:card\" content=\"summary_large_image\" \/>\n<script type=\"application\/ld+json\" class=\"yoast-schema-graph\">{\"@context\":\"https:\/\/schema.org\",\"@graph\":[{\"@type\":\"WebPage\",\"@id\":\"https:\/\/ugurmalimusavirlik.com\/404-2\/\",\"url\":\"https:\/\/ugurmalimusavirlik.com\/404-2\/\",\"name\":\"Business Solution - Jupiter X Templates\",\"isPartOf\":{\"@id\":\"https:\/\/ugurmalimusavirlik.com\/#website\"},\"primaryImageOfPage\":{\"@id\":\"https:\/\/ugurmalimusavirlik.com\/404-2\/#primaryimage\"},\"image\":{\"@id\":\"https:\/\/ugurmalimusavirlik.com\/404-2\/#primaryimage\"},\"thumbnailUrl\":\"https:\/\/ugurmalimusavirlik.com\/wp-content\/uploads\/2020\/05\/404-illustration.png\",\"datePublished\":\"2020-05-29T18:07:45+00:00\",\"dateModified\":\"2024-06-03T00:16:48+00:00\",\"description\":\"A creative and functional website with pleasing aesthetics is what you need for your IT solution company to keep the audience engaged. Jupiter X WP Theme's Business Solution website template has it in store for you!\",\"breadcrumb\":{\"@id\":\"https:\/\/ugurmalimusavirlik.com\/404-2\/#breadcrumb\"},\"inLanguage\":\"en-US\",\"potentialAction\":[{\"@type\":\"ReadAction\",\"target\":[\"https:\/\/ugurmalimusavirlik.com\/404-2\/\"]}]},{\"@type\":\"ImageObject\",\"inLanguage\":\"en-US\",\"@id\":\"https:\/\/ugurmalimusavirlik.com\/404-2\/#primaryimage\",\"url\":\"https:\/\/ugurmalimusavirlik.com\/wp-content\/uploads\/2020\/05\/404-illustration.png\",\"contentUrl\":\"https:\/\/ugurmalimusavirlik.com\/wp-content\/uploads\/2020\/05\/404-illustration.png\"},{\"@type\":\"BreadcrumbList\",\"@id\":\"https:\/\/ugurmalimusavirlik.com\/404-2\/#breadcrumb\",\"itemListElement\":[{\"@type\":\"ListItem\",\"position\":1,\"name\":\"Anasayfa\",\"item\":\"https:\/\/ugurmalimusavirlik.com\/\"},{\"@type\":\"ListItem\",\"position\":2,\"name\":\"404\"}]},{\"@type\":\"WebSite\",\"@id\":\"https:\/\/ugurmalimusavirlik.com\/#website\",\"url\":\"https:\/\/ugurmalimusavirlik.com\/\",\"name\":\"Ya\u015far U\u011fur Mali M\u00fc\u015favirlik\",\"description\":\"Mali M\u00fc\u015favirlik\",\"potentialAction\":[{\"@type\":\"SearchAction\",\"target\":{\"@type\":\"EntryPoint\",\"urlTemplate\":\"https:\/\/ugurmalimusavirlik.com\/?s={search_term_string}\"},\"query-input\":\"required name=search_term_string\"}],\"inLanguage\":\"en-US\"}]}<\/script>\n<!-- \/ Yoast SEO plugin. -->","yoast_head_json":{"title":"Business Solution - Jupiter X Templates","description":"A creative and functional website with pleasing aesthetics is what you need for your IT solution company to keep the audience engaged. Jupiter X WP Theme's Business Solution website template has it in store for you!","robots":{"index":"index","follow":"follow","max-snippet":"max-snippet:-1","max-image-preview":"max-image-preview:large","max-video-preview":"max-video-preview:-1"},"canonical":"https:\/\/ugurmalimusavirlik.com\/en\/404-2\/","og_locale":"en_US","og_type":"article","og_title":"Business Solution - Jupiter X Templates","og_description":"A creative and functional website with pleasing aesthetics is what you need for your IT solution company to keep the audience engaged. Jupiter X WP Theme's Business Solution website template has it in store for you!","og_url":"https:\/\/ugurmalimusavirlik.com\/en\/404-2\/","og_site_name":"Ya\u015far U\u011fur Mali M\u00fc\u015favirlik","article_modified_time":"2024-06-03T00:16:48+00:00","og_image":[{"url":"https:\/\/ugurmalimusavirlik.com\/wp-content\/uploads\/2020\/05\/404-illustration.png"}],"twitter_card":"summary_large_image","schema":{"@context":"https:\/\/schema.org","@graph":[{"@type":"WebPage","@id":"https:\/\/ugurmalimusavirlik.com\/404-2\/","url":"https:\/\/ugurmalimusavirlik.com\/404-2\/","name":"Business Solution - Jupiter X Templates","isPartOf":{"@id":"https:\/\/ugurmalimusavirlik.com\/#website"},"primaryImageOfPage":{"@id":"https:\/\/ugurmalimusavirlik.com\/404-2\/#primaryimage"},"image":{"@id":"https:\/\/ugurmalimusavirlik.com\/404-2\/#primaryimage"},"thumbnailUrl":"https:\/\/ugurmalimusavirlik.com\/wp-content\/uploads\/2020\/05\/404-illustration.png","datePublished":"2020-05-29T18:07:45+00:00","dateModified":"2024-06-03T00:16:48+00:00","description":"A creative and functional website with pleasing aesthetics is what you need for your IT solution company to keep the audience engaged. Jupiter X WP Theme's Business Solution website template has it in store for you!","breadcrumb":{"@id":"https:\/\/ugurmalimusavirlik.com\/404-2\/#breadcrumb"},"inLanguage":"en-US","potentialAction":[{"@type":"ReadAction","target":["https:\/\/ugurmalimusavirlik.com\/404-2\/"]}]},{"@type":"ImageObject","inLanguage":"en-US","@id":"https:\/\/ugurmalimusavirlik.com\/404-2\/#primaryimage","url":"https:\/\/ugurmalimusavirlik.com\/wp-content\/uploads\/2020\/05\/404-illustration.png","contentUrl":"https:\/\/ugurmalimusavirlik.com\/wp-content\/uploads\/2020\/05\/404-illustration.png"},{"@type":"BreadcrumbList","@id":"https:\/\/ugurmalimusavirlik.com\/404-2\/#breadcrumb","itemListElement":[{"@type":"ListItem","position":1,"name":"Anasayfa","item":"https:\/\/ugurmalimusavirlik.com\/"},{"@type":"ListItem","position":2,"name":"404"}]},{"@type":"WebSite","@id":"https:\/\/ugurmalimusavirlik.com\/#website","url":"https:\/\/ugurmalimusavirlik.com\/","name":"Ya\u015far U\u011fur Mali M\u00fc\u015favirlik","description":"Mali M\u00fc\u015favirlik","potentialAction":[{"@type":"SearchAction","target":{"@type":"EntryPoint","urlTemplate":"https:\/\/ugurmalimusavirlik.com\/?s={search_term_string}"},"query-input":"required name=search_term_string"}],"inLanguage":"en-US"}]}},"_links":{"self":[{"href":"https:\/\/ugurmalimusavirlik.com\/en\/wp-json\/wp\/v2\/pages\/199","targetHints":{"allow":["GET"]}}],"collection":[{"href":"https:\/\/ugurmalimusavirlik.com\/en\/wp-json\/wp\/v2\/pages"}],"about":[{"href":"https:\/\/ugurmalimusavirlik.com\/en\/wp-json\/wp\/v2\/types\/page"}],"author":[{"embeddable":true,"href":"https:\/\/ugurmalimusavirlik.com\/en\/wp-json\/wp\/v2\/users\/1"}],"replies":[{"embeddable":true,"href":"https:\/\/ugurmalimusavirlik.com\/en\/wp-json\/wp\/v2\/comments?post=199"}],"version-history":[{"count":1,"href":"https:\/\/ugurmalimusavirlik.com\/en\/wp-json\/wp\/v2\/pages\/199\/revisions"}],"predecessor-version":[{"id":406,"href":"https:\/\/ugurmalimusavirlik.com\/en\/wp-json\/wp\/v2\/pages\/199\/revisions\/406"}],"wp:attachment":[{"href":"https:\/\/ugurmalimusavirlik.com\/en\/wp-json\/wp\/v2\/media?parent=199"}],"curies":[{"name":"wp","href":"https:\/\/api.w.org\/{rel}","templated":true}]}}